{"id":2361,"date":"2026-01-20T13:29:56","date_gmt":"2026-01-20T13:29:56","guid":{"rendered":"https:\/\/acapelsm.com.br\/site\/?page_id=2361"},"modified":"2026-01-20T15:22:22","modified_gmt":"2026-01-20T15:22:22","slug":"transparencia","status":"publish","type":"page","link":"https:\/\/acapelsm.com.br\/site\/transparencia\/","title":{"rendered":"Transpar\u00eancia"},"content":{"rendered":"<p>[et_pb_section fb_built=&#8221;1&#8243; module_id=&#8221;servicos&#8221; _builder_version=&#8221;4.22.2&#8243; _module_preset=&#8221;default&#8221; background_image=&#8221;https:\/\/acapelsm.com.br\/site\/wp-content\/uploads\/2023\/10\/site_acapel_bg_slide.jpg&#8221; custom_padding=&#8221;31px||43px|||&#8221; global_colors_info=&#8221;{}&#8221;][et_pb_row _builder_version=&#8221;4.18.0&#8243; _module_preset=&#8221;default&#8221; custom_padding=&#8221;||0px|||&#8221; global_colors_info=&#8221;{}&#8221;][et_pb_column type=&#8221;4_4&#8243; _builder_version=&#8221;4.16&#8243; _module_preset=&#8221;default&#8221; global_colors_info=&#8221;{}&#8221;][et_pb_text _builder_version=&#8221;4.22.2&#8243; _module_preset=&#8221;default&#8221; text_font=&#8221;Montserrat|700|||||||&#8221; text_text_color=&#8221;#003f2a&#8221; text_font_size=&#8221;46px&#8221; text_line_height=&#8221;40px&#8221; custom_margin=&#8221;15px|||||&#8221; hover_enabled=&#8221;0&#8243; global_colors_info=&#8221;{}&#8221; text_font_size_last_edited=&#8221;on|phone&#8221; text_font_size_phone=&#8221;37px&#8221; sticky_enabled=&#8221;0&#8243; text_font_size_tablet=&#8221;46px&#8221;]<\/p>\n<p>Transpar\u00eancia<\/p>\n<p>[\/et_pb_text][et_pb_text _builder_version=&#8221;4.22.2&#8243; _module_preset=&#8221;default&#8221; text_font=&#8221;||||||||&#8221; text_font_size=&#8221;18px&#8221; text_orientation=&#8221;justified&#8221; animation_style=&#8221;fade&#8221; global_colors_info=&#8221;{}&#8221;]<\/p>\n<p>Acesse nossas informa\u00e7\u00f5es p\u00fablicas.<\/p>\n<p>[\/et_pb_text][\/et_pb_column][\/et_pb_row][\/et_pb_section][et_pb_section fb_built=&#8221;1&#8243; _builder_version=&#8221;4.22.2&#8243; _module_preset=&#8221;default&#8221; custom_padding=&#8221;||90px|||&#8221; global_module=&#8221;2378&#8243; saved_tabs=&#8221;all&#8221; global_colors_info=&#8221;{}&#8221;][et_pb_row column_structure=&#8221;1_4,1_4,1_4,1_4&#8243; _builder_version=&#8221;4.22.2&#8243; _module_preset=&#8221;default&#8221; global_colors_info=&#8221;{}&#8221;][et_pb_column type=&#8221;1_4&#8243; _builder_version=&#8221;4.22.2&#8243; _module_preset=&#8221;default&#8221; global_colors_info=&#8221;{}&#8221;][et_pb_blurb title=&#8221;CART\u00c3O CNPJ&#8221; use_icon=&#8221;on&#8221; font_icon=&#8221;&#xf1ad;||fa||900&#8243; icon_color=&#8221;#FFFFFF&#8221; _builder_version=&#8221;4.22.2&#8243; _module_preset=&#8221;default&#8221; header_font_size=&#8221;20px&#8221; background_color=&#8221;#0C71C3&#8243; text_orientation=&#8221;center&#8221; background_layout=&#8221;dark&#8221; custom_padding=&#8221;20px||20px||false|false&#8221; link_option_url=&#8221;https:\/\/acapelsm.com.br\/site\/wp-content\/uploads\/2026\/01\/1-CARTAO-CNPJ.pdf&#8221; link_option_url_new_window=&#8221;on&#8221; hover_enabled=&#8221;0&#8243; border_radii=&#8221;on|16px|16px|16px|16px&#8221; box_shadow_style=&#8221;preset2&#8243; global_colors_info=&#8221;{}&#8221; sticky_enabled=&#8221;0&#8243;][\/et_pb_blurb][\/et_pb_column][et_pb_column type=&#8221;1_4&#8243; _builder_version=&#8221;4.22.2&#8243; _module_preset=&#8221;default&#8221; global_colors_info=&#8221;{}&#8221;][et_pb_blurb title=&#8221;ESTATUTO&#8221; use_icon=&#8221;on&#8221; font_icon=&#8221;&#xf518;||fa||900&#8243; icon_color=&#8221;#FFFFFF&#8221; _builder_version=&#8221;4.22.2&#8243; _module_preset=&#8221;default&#8221; header_font_size=&#8221;20px&#8221; background_color=&#8221;#0C71C3&#8243; text_orientation=&#8221;center&#8221; background_layout=&#8221;dark&#8221; custom_padding=&#8221;20px||20px||false|false&#8221; link_option_url=&#8221;https:\/\/acapelsm.com.br\/site\/wp-content\/uploads\/2026\/01\/2-ESTATUTO-SOCIAL.pdf&#8221; link_option_url_new_window=&#8221;on&#8221; border_radii=&#8221;on|16px|16px|16px|16px&#8221; box_shadow_style=&#8221;preset2&#8243; global_colors_info=&#8221;{}&#8221;][\/et_pb_blurb][\/et_pb_column][et_pb_column type=&#8221;1_4&#8243; _builder_version=&#8221;4.22.2&#8243; _module_preset=&#8221;default&#8221; global_colors_info=&#8221;{}&#8221;][et_pb_blurb title=&#8221;ATAS&#8221; use_icon=&#8221;on&#8221; font_icon=&#8221;&#xf4ff;||fa||900&#8243; icon_color=&#8221;#FFFFFF&#8221; _builder_version=&#8221;4.22.2&#8243; _module_preset=&#8221;default&#8221; header_font_size=&#8221;20px&#8221; background_color=&#8221;#0C71C3&#8243; text_orientation=&#8221;center&#8221; background_layout=&#8221;dark&#8221; custom_padding=&#8221;20px||20px||false|false&#8221; link_option_url=&#8221;https:\/\/acapelsm.com.br\/site\/wp-content\/uploads\/2026\/01\/3-ATA-E-POSSE-REGISTRADA-NOVA-DIRETORIA-2024.pdf&#8221; link_option_url_new_window=&#8221;on&#8221; border_radii=&#8221;on|16px|16px|16px|16px&#8221; box_shadow_style=&#8221;preset2&#8243; global_colors_info=&#8221;{}&#8221;][\/et_pb_blurb][\/et_pb_column][et_pb_column type=&#8221;1_4&#8243; _builder_version=&#8221;4.22.2&#8243; _module_preset=&#8221;default&#8221; global_colors_info=&#8221;{}&#8221;][et_pb_blurb title=&#8221;PARCEIROS&#8221; use_icon=&#8221;on&#8221; font_icon=&#8221;&#xf4ce;||fa||900&#8243; icon_color=&#8221;#FFFFFF&#8221; _builder_version=&#8221;4.22.2&#8243; _module_preset=&#8221;default&#8221; header_font_size=&#8221;20px&#8221; background_color=&#8221;#0C71C3&#8243; text_orientation=&#8221;center&#8221; background_layout=&#8221;dark&#8221; custom_padding=&#8221;20px||20px||false|false&#8221; link_option_url=&#8221;https:\/\/acapelsm.com.br\/site\/wp-content\/uploads\/2026\/01\/6-NOSSOS-PARCEIROS.pdf&#8221; link_option_url_new_window=&#8221;on&#8221; border_radii=&#8221;on|16px|16px|16px|16px&#8221; box_shadow_style=&#8221;preset2&#8243; global_colors_info=&#8221;{}&#8221;][\/et_pb_blurb][\/et_pb_column][\/et_pb_row][et_pb_row column_structure=&#8221;1_4,1_4,1_4,1_4&#8243; _builder_version=&#8221;4.22.2&#8243; _module_preset=&#8221;default&#8221; global_colors_info=&#8221;{}&#8221;][et_pb_column type=&#8221;1_4&#8243; _builder_version=&#8221;4.22.2&#8243; _module_preset=&#8221;default&#8221; global_colors_info=&#8221;{}&#8221;][et_pb_blurb title=&#8221;BALAN\u00c7O PATRIMONIAL&#8221; use_icon=&#8221;on&#8221; font_icon=&#8221;&#xf4c0;||fa||900&#8243; icon_color=&#8221;#FFFFFF&#8221; _builder_version=&#8221;4.22.2&#8243; _dynamic_attributes=&#8221;link_option_url&#8221; _module_preset=&#8221;default&#8221; header_font_size=&#8221;20px&#8221; background_color=&#8221;#0C71C3&#8243; text_orientation=&#8221;center&#8221; background_layout=&#8221;dark&#8221; custom_padding=&#8221;20px||20px||false|false&#8221; link_option_url=&#8221;@ET-DC@eyJkeW5hbWljIjp0cnVlLCJjb250ZW50IjoicG9zdF9saW5rX3VybF9wb3N0Iiwic2V0dGluZ3MiOnsicG9zdF9pZCI6IjIzNzEifX0=@&#8221; border_radii=&#8221;on|16px|16px|16px|16px&#8221; box_shadow_style=&#8221;preset2&#8243; global_colors_info=&#8221;{}&#8221;][\/et_pb_blurb][\/et_pb_column][et_pb_column type=&#8221;1_4&#8243; _builder_version=&#8221;4.22.2&#8243; _module_preset=&#8221;default&#8221; global_colors_info=&#8221;{}&#8221;][et_pb_blurb title=&#8221;REGIMENTO INTERNO&#8221; use_icon=&#8221;on&#8221; font_icon=&#8221;&#xf19c;||fa||900&#8243; icon_color=&#8221;#FFFFFF&#8221; _builder_version=&#8221;4.22.2&#8243; _module_preset=&#8221;default&#8221; header_font_size=&#8221;20px&#8221; background_color=&#8221;#0C71C3&#8243; text_orientation=&#8221;center&#8221; background_layout=&#8221;dark&#8221; custom_padding=&#8221;20px||20px||false|false&#8221; link_option_url=&#8221;https:\/\/acapelsm.com.br\/site\/wp-content\/uploads\/2026\/01\/6-REGIMENTO-INTERNO-2.pdf&#8221; link_option_url_new_window=&#8221;on&#8221; border_radii=&#8221;on|16px|16px|16px|16px&#8221; box_shadow_style=&#8221;preset2&#8243; global_colors_info=&#8221;{}&#8221;][\/et_pb_blurb][\/et_pb_column][et_pb_column type=&#8221;1_4&#8243; _builder_version=&#8221;4.22.2&#8243; _module_preset=&#8221;default&#8221; global_colors_info=&#8221;{}&#8221;][et_pb_blurb title=&#8221;CERTIFICA\u00c7\u00d5ES E DECLARA\u00c7\u00d5ES&#8221; use_icon=&#8221;on&#8221; font_icon=&#8221;&#xe0f7;||divi||400&#8243; icon_color=&#8221;#FFFFFF&#8221; _builder_version=&#8221;4.22.2&#8243; _module_preset=&#8221;default&#8221; header_font_size=&#8221;20px&#8221; background_color=&#8221;#0C71C3&#8243; text_orientation=&#8221;center&#8221; background_layout=&#8221;dark&#8221; custom_padding=&#8221;20px||20px||false|false&#8221; link_option_url=&#8221;https:\/\/acapelsm.com.br\/site\/2026\/01\/20\/certificacoes-e-declaracoes\/&#8221; border_radii=&#8221;on|16px|16px|16px|16px&#8221; box_shadow_style=&#8221;preset2&#8243; global_colors_info=&#8221;{}&#8221;][\/et_pb_blurb][\/et_pb_column][et_pb_column type=&#8221;1_4&#8243; _builder_version=&#8221;4.22.2&#8243; _module_preset=&#8221;default&#8221; global_colors_info=&#8221;{}&#8221;][et_pb_blurb title=&#8221;OUTROS DOCUMENTOS&#8221; use_icon=&#8221;on&#8221; font_icon=&#8221;&#xf1c1;||fa||400&#8243; icon_color=&#8221;#FFFFFF&#8221; _builder_version=&#8221;4.22.2&#8243; _module_preset=&#8221;default&#8221; header_font_size=&#8221;20px&#8221; background_color=&#8221;#0C71C3&#8243; text_orientation=&#8221;center&#8221; background_layout=&#8221;dark&#8221; custom_padding=&#8221;20px||20px||false|false&#8221; link_option_url=&#8221;https:\/\/acapelsm.com.br\/site\/2026\/01\/20\/outros-documentos\/&#8221; hover_enabled=&#8221;0&#8243; border_radii=&#8221;on|16px|16px|16px|16px&#8221; box_shadow_style=&#8221;preset2&#8243; global_colors_info=&#8221;{}&#8221; sticky_enabled=&#8221;0&#8243;][\/et_pb_blurb][\/et_pb_column][\/et_pb_row][\/et_pb_section][et_pb_section fb_built=&#8221;1&#8243; _builder_version=&#8221;4.22.2&#8243; _module_preset=&#8221;default&#8221; background_image=&#8221;https:\/\/acapelsm.com.br\/site\/wp-content\/uploads\/2023\/10\/site_acapel_bg_slide.jpg&#8221; max_width=&#8221;1280px&#8221; module_alignment=&#8221;center&#8221; custom_padding=&#8221;||28px|||&#8221; global_colors_info=&#8221;{}&#8221;][et_pb_row column_structure=&#8221;1_2,1_2&#8243; _builder_version=&#8221;4.22.2&#8243; _module_preset=&#8221;default&#8221; custom_padding=&#8221;||4px|||&#8221; global_colors_info=&#8221;{}&#8221;][et_pb_column type=&#8221;1_2&#8243; _builder_version=&#8221;4.22.2&#8243; _module_preset=&#8221;default&#8221; global_colors_info=&#8221;{}&#8221;][et_pb_text _builder_version=&#8221;4.22.2&#8243; _module_preset=&#8221;default&#8221; text_font=&#8221;Montserrat|700|||||||&#8221; text_text_color=&#8221;#003f2a&#8221; text_font_size=&#8221;28px&#8221; text_line_height=&#8221;40px&#8221; custom_margin=&#8221;-1px|||||&#8221; global_colors_info=&#8221;{}&#8221;]<\/p>\n<p>Quem somos?<\/p>\n<p>[\/et_pb_text][et_pb_text _builder_version=&#8221;4.22.2&#8243; _module_preset=&#8221;default&#8221; text_font=&#8221;||||||||&#8221; text_font_size=&#8221;18px&#8221; text_orientation=&#8221;justified&#8221; animation_style=&#8221;fade&#8221; global_colors_info=&#8221;{}&#8221;]<\/p>\n<p>A Acapel \u00e9 uma associa\u00e7\u00e3o formada para proporcionar condi\u00e7\u00f5es de trabalho adequadas \u00e0 Catadores de materiais recicl\u00e1veis. Aqui os catadores s\u00e3o respons\u00e1veis pela Coleta Seletiva do munic\u00edpio, desempenhando um papel fundamental na prote\u00e7\u00e3o do meio ambiente ao inibir que esses materiais sejam descartados de forma inadequada, e proporcionar que maior tempo de vida \u00fatil do aterro sanit\u00e1rio municipal por poupar que dezenas de toneladas sejam encaminhadas mensalmente ao mesmo.<\/p>\n<p><a href=\"https:\/\/acapelsm.com.br\/site\/sobre-nos\/\">continue lendo&#8230;<\/a><\/p>\n<p>[\/et_pb_text][\/et_pb_column][et_pb_column type=&#8221;1_2&#8243; _builder_version=&#8221;4.22.2&#8243; _module_preset=&#8221;default&#8221; global_colors_info=&#8221;{}&#8221;][et_pb_text _builder_version=&#8221;4.22.2&#8243; _module_preset=&#8221;default&#8221; text_font=&#8221;Montserrat|700|||||||&#8221; text_text_color=&#8221;#003f2a&#8221; text_font_size=&#8221;28px&#8221; text_line_height=&#8221;40px&#8221; custom_margin=&#8221;-1px|||||&#8221; global_colors_info=&#8221;{}&#8221;]<\/p>\n<p>Acapel S\u00e3o Manuel<\/p>\n<p>[\/et_pb_text][et_pb_text _builder_version=&#8221;4.22.2&#8243; _module_preset=&#8221;default&#8221; text_font=&#8221;||||||||&#8221; text_font_size=&#8221;18px&#8221; text_orientation=&#8221;justified&#8221; animation_style=&#8221;fade&#8221; global_colors_info=&#8221;{}&#8221;]<\/p>\n<p>CNPJ: 05.863.335\/0001-57<\/p>\n<p><strong>ENDERE\u00c7O:<br \/><\/strong>Rua Coronel Joaquim Floriano, 1. Centro, S\u00e3o Manuel\/SP<\/p>\n<p><strong>GESTORA:<br \/><\/strong>Marli Aparecida Machado de Almeida<br \/>Telefone: (14) 99730-2040<br \/>acapelsaomanuel@gmail.com<\/p>\n<p>&nbsp;<\/p>\n<p>[\/et_pb_text][\/et_pb_column][\/et_pb_row][\/et_pb_section]<\/p>\n","protected":false},"excerpt":{"rendered":"<p>Transpar\u00eanciaAcesse nossas informa\u00e7\u00f5es p\u00fablicas.Quem somos?A Acapel \u00e9 uma associa\u00e7\u00e3o formada para proporcionar condi\u00e7\u00f5es de trabalho adequadas \u00e0 Catadores de materiais recicl\u00e1veis. Aqui os catadores s\u00e3o respons\u00e1veis pela Coleta Seletiva do munic\u00edpio, desempenhando um papel fundamental na prote\u00e7\u00e3o do meio ambiente ao inibir que esses materiais sejam descartados de forma inadequada, e proporcionar que maior tempo [&hellip;]<\/p>\n","protected":false},"author":1,"featured_media":0,"parent":0,"menu_order":0,"comment_status":"closed","ping_status":"closed","template":"","meta":{"_et_pb_use_builder":"on","_et_pb_old_content":"","_et_gb_content_width":"","footnotes":""},"dipi_cpt_category":[],"_links":{"self":[{"href":"https:\/\/acapelsm.com.br\/site\/wp-json\/wp\/v2\/pages\/2361"}],"collection":[{"href":"https:\/\/acapelsm.com.br\/site\/wp-json\/wp\/v2\/pages"}],"about":[{"href":"https:\/\/acapelsm.com.br\/site\/wp-json\/wp\/v2\/types\/page"}],"author":[{"embeddable":true,"href":"https:\/\/acapelsm.com.br\/site\/wp-json\/wp\/v2\/users\/1"}],"replies":[{"embeddable":true,"href":"https:\/\/acapelsm.com.br\/site\/wp-json\/wp\/v2\/comments?post=2361"}],"version-history":[{"count":6,"href":"https:\/\/acapelsm.com.br\/site\/wp-json\/wp\/v2\/pages\/2361\/revisions"}],"predecessor-version":[{"id":2418,"href":"https:\/\/acapelsm.com.br\/site\/wp-json\/wp\/v2\/pages\/2361\/revisions\/2418"}],"wp:attachment":[{"href":"https:\/\/acapelsm.com.br\/site\/wp-json\/wp\/v2\/media?parent=2361"}],"wp:term":[{"taxonomy":"dipi_cpt_category","embeddable":true,"href":"https:\/\/acapelsm.com.br\/site\/wp-json\/wp\/v2\/dipi_cpt_category?post=2361"}],"curies":[{"name":"wp","href":"https:\/\/api.w.org\/{rel}","templated":true}]}}