{"id":2322,"date":"2023-11-26T00:49:09","date_gmt":"2023-11-26T00:49:09","guid":{"rendered":"https:\/\/acapelsm.com.br\/site\/?page_id=2322"},"modified":"2023-11-26T01:04:12","modified_gmt":"2023-11-26T01:04:12","slug":"sobre-nos","status":"publish","type":"page","link":"https:\/\/acapelsm.com.br\/site\/sobre-nos\/","title":{"rendered":"Sobre N\u00f3s"},"content":{"rendered":"<p>[et_pb_section fb_built=&#8221;1&#8243; module_id=&#8221;servicos&#8221; _builder_version=&#8221;4.18.0&#8243; _module_preset=&#8221;default&#8221; custom_padding=&#8221;||0px|||&#8221; global_colors_info=&#8221;{}&#8221; theme_builder_area=&#8221;post_content&#8221;][et_pb_row column_structure=&#8221;1_2,1_2&#8243; _builder_version=&#8221;4.18.0&#8243; _module_preset=&#8221;default&#8221; custom_padding=&#8221;||0px|||&#8221; global_colors_info=&#8221;{}&#8221; theme_builder_area=&#8221;post_content&#8221;][et_pb_column type=&#8221;1_2&#8243; _builder_version=&#8221;4.16&#8243; _module_preset=&#8221;default&#8221; global_colors_info=&#8221;{}&#8221; theme_builder_area=&#8221;post_content&#8221;][et_pb_image src=&#8221;https:\/\/acapelsm.com.br\/site\/wp-content\/uploads\/2023\/10\/sobre.png&#8221; title_text=&#8221;sobre&#8221; _builder_version=&#8221;4.22.2&#8243; _module_preset=&#8221;default&#8221; global_colors_info=&#8221;{}&#8221; theme_builder_area=&#8221;post_content&#8221;][\/et_pb_image][\/et_pb_column][et_pb_column type=&#8221;1_2&#8243; _builder_version=&#8221;4.16&#8243; _module_preset=&#8221;default&#8221; global_colors_info=&#8221;{}&#8221; theme_builder_area=&#8221;post_content&#8221;][et_pb_text _builder_version=&#8221;4.22.2&#8243; _module_preset=&#8221;default&#8221; text_font=&#8221;Montserrat|700|||||||&#8221; text_text_color=&#8221;#003f2a&#8221; text_font_size=&#8221;46px&#8221; text_line_height=&#8221;40px&#8221; custom_margin=&#8221;15px|||||&#8221; global_colors_info=&#8221;{}&#8221; theme_builder_area=&#8221;post_content&#8221;]<\/p>\n<p>Quem somos?<\/p>\n<p>[\/et_pb_text][et_pb_text _builder_version=&#8221;4.22.2&#8243; _module_preset=&#8221;default&#8221; text_font=&#8221;||||||||&#8221; text_font_size=&#8221;18px&#8221; text_orientation=&#8221;justified&#8221; animation_style=&#8221;fade&#8221; global_colors_info=&#8221;{}&#8221; theme_builder_area=&#8221;post_content&#8221;]<\/p>\n<p>A Acapel \u00e9 uma associa\u00e7\u00e3o formada para proporcionar condi\u00e7\u00f5es de trabalho adequadas \u00e0 Catadores de materiais recicl\u00e1veis. Aqui os catadores s\u00e3o respons\u00e1veis pela Coleta Seletiva do munic\u00edpio, desempenhando um papel fundamental na prote\u00e7\u00e3o do meio ambiente ao inibir que esses materiais sejam descartados de forma inadequada, e proporcionar que maior tempo de vida \u00fatil do aterro sanit\u00e1rio municipal por poupar que dezenas de toneladas sejam encaminhadas mensalmente ao mesmo. Com esse trabalho, os catadores agregam valor ao material ao tria-los e enfarda-los, contribuindo para que retornem para a cadeia produtiva como mat\u00e9ria prima. Com essa comercializa\u00e7\u00e3o de materiais recicl\u00e1veis, \u00e9 poss\u00edvel que os catadores tenham participa\u00e7\u00e3o no lucro das vendas, proporcionando uma forma de sustento a eles.<\/p>\n<p>[\/et_pb_text][\/et_pb_column][\/et_pb_row][\/et_pb_section][et_pb_section fb_built=&#8221;1&#8243; theme_builder_area=&#8221;post_content&#8221; _builder_version=&#8221;4.22.2&#8243; _module_preset=&#8221;default&#8221; hover_enabled=&#8221;0&#8243; sticky_enabled=&#8221;0&#8243; title_text=&#8221;site_acapel_bg_slide&#8221; background_image=&#8221;https:\/\/acapelsm.com.br\/site\/wp-content\/uploads\/2023\/10\/site_acapel_bg_slide.jpg&#8221; max_width=&#8221;1280px&#8221; module_alignment=&#8221;center&#8221;][et_pb_row column_structure=&#8221;1_2,1_2&#8243; _builder_version=&#8221;4.22.2&#8243; _module_preset=&#8221;default&#8221; global_colors_info=&#8221;{}&#8221; theme_builder_area=&#8221;post_content&#8221;][et_pb_column type=&#8221;1_2&#8243; _builder_version=&#8221;4.22.2&#8243; _module_preset=&#8221;default&#8221; global_colors_info=&#8221;{}&#8221; theme_builder_area=&#8221;post_content&#8221;][et_pb_text _builder_version=&#8221;4.22.2&#8243; _module_preset=&#8221;default&#8221; text_font=&#8221;Montserrat|700|||||||&#8221; text_text_color=&#8221;#003f2a&#8221; text_font_size=&#8221;28px&#8221; text_line_height=&#8221;40px&#8221; custom_margin=&#8221;-1px|||||&#8221; hover_enabled=&#8221;0&#8243; global_colors_info=&#8221;{}&#8221; theme_builder_area=&#8221;post_content&#8221; sticky_enabled=&#8221;0&#8243;]<\/p>\n<p>Miss\u00e3o<\/p>\n<p>[\/et_pb_text][et_pb_text _builder_version=&#8221;4.22.2&#8243; _module_preset=&#8221;default&#8221; text_font=&#8221;||||||||&#8221; text_font_size=&#8221;18px&#8221; text_orientation=&#8221;justified&#8221; animation_style=&#8221;fade&#8221; hover_enabled=&#8221;0&#8243; global_colors_info=&#8221;{}&#8221; theme_builder_area=&#8221;post_content&#8221; sticky_enabled=&#8221;0&#8243;]<\/p>\n<p>Realizar a coleta seletiva no munic\u00edpio, contribuindo para prote\u00e7\u00e3o do meio ambiente, limpeza da cidade e vida \u00fatil do aterro sanit\u00e1rio. Agregar valor \u00e0 produtos inicialmente inserv\u00edveis com a knalidade de gerar oportunidade de sustento a diversos catadores. Proporcionar condi\u00e7\u00f5es dignas e adequadas aos Catadores associados, tira-lo de ambientes insalubres e batalhar para que possam se desenvolver como prokssionais e cidad\u00e3os.<\/p>\n<p>[\/et_pb_text][et_pb_text _builder_version=&#8221;4.22.2&#8243; _module_preset=&#8221;default&#8221; text_font=&#8221;Montserrat|700|||||||&#8221; text_text_color=&#8221;#003f2a&#8221; text_font_size=&#8221;28px&#8221; text_line_height=&#8221;40px&#8221; custom_margin=&#8221;-1px|||||&#8221; hover_enabled=&#8221;0&#8243; global_colors_info=&#8221;{}&#8221; theme_builder_area=&#8221;post_content&#8221; sticky_enabled=&#8221;0&#8243;]<\/p>\n<p>Vis\u00e3o<\/p>\n<p>[\/et_pb_text][et_pb_text _builder_version=&#8221;4.22.2&#8243; _module_preset=&#8221;default&#8221; text_font=&#8221;||||||||&#8221; text_font_size=&#8221;18px&#8221; text_orientation=&#8221;justified&#8221; animation_style=&#8221;fade&#8221; hover_enabled=&#8221;0&#8243; global_colors_info=&#8221;{}&#8221; theme_builder_area=&#8221;post_content&#8221; sticky_enabled=&#8221;0&#8243;]<\/p>\n<p>Ser referencia de coleta seletiva, valoriza\u00e7\u00e3o de res\u00edduos s\u00f3lidos e condi\u00e7\u00f5es dignas de trabalho \u00e0 Catadores da regi\u00e3o. Poder agregar maior n\u00famero de catadores a associa\u00e7\u00e3o, e auxiliar outras associa\u00e7\u00f5es a se desenvolver.<\/p>\n<p>[\/et_pb_text][et_pb_text _builder_version=&#8221;4.22.2&#8243; _module_preset=&#8221;default&#8221; text_font=&#8221;Montserrat|700|||||||&#8221; text_text_color=&#8221;#003f2a&#8221; text_font_size=&#8221;28px&#8221; text_line_height=&#8221;40px&#8221; custom_margin=&#8221;-1px|||||&#8221; hover_enabled=&#8221;0&#8243; global_colors_info=&#8221;{}&#8221; theme_builder_area=&#8221;post_content&#8221; sticky_enabled=&#8221;0&#8243;]<\/p>\n<p>Valores<\/p>\n<p>[\/et_pb_text][et_pb_text _builder_version=&#8221;4.22.2&#8243; _module_preset=&#8221;default&#8221; text_font=&#8221;||||||||&#8221; text_font_size=&#8221;18px&#8221; text_orientation=&#8221;justified&#8221; animation_style=&#8221;fade&#8221; hover_enabled=&#8221;0&#8243; global_colors_info=&#8221;{}&#8221; theme_builder_area=&#8221;post_content&#8221; sticky_enabled=&#8221;0&#8243;]<\/p>\n<p>Preservar a dignidade, os direitos e deveres dos catadores de materiais recicl\u00e1veis. Proteger o meio ambiente de poluentes em potencial.<\/p>\n<p>\u00c9tica, honestidade, seriedade e organiza\u00e7\u00e3o no ambiente de trabalho.<\/p>\n<p>[\/et_pb_text][\/et_pb_column][et_pb_column type=&#8221;1_2&#8243; _builder_version=&#8221;4.22.2&#8243; _module_preset=&#8221;default&#8221; global_colors_info=&#8221;{}&#8221; theme_builder_area=&#8221;post_content&#8221;][et_pb_image src=&#8221;https:\/\/acapelsm.com.br\/site\/wp-content\/uploads\/2023\/11\/01-FOTO-FRENTE-BARRACAO.jpg&#8221; title_text=&#8221;01 &#8211; FOTO FRENTE BARRACAO&#8221; _builder_version=&#8221;4.22.2&#8243; _module_preset=&#8221;default&#8221; hover_enabled=&#8221;0&#8243; global_colors_info=&#8221;{}&#8221; theme_builder_area=&#8221;post_content&#8221; sticky_enabled=&#8221;0&#8243;][\/et_pb_image][et_pb_text _builder_version=&#8221;4.22.2&#8243; _module_preset=&#8221;default&#8221; text_font=&#8221;Montserrat|700|||||||&#8221; text_text_color=&#8221;#003f2a&#8221; text_font_size=&#8221;28px&#8221; text_line_height=&#8221;40px&#8221; custom_margin=&#8221;-1px|||||&#8221; hover_enabled=&#8221;0&#8243; global_colors_info=&#8221;{}&#8221; theme_builder_area=&#8221;post_content&#8221; sticky_enabled=&#8221;0&#8243;]<\/p>\n<p>Acapel S\u00e3o Manuel<\/p>\n<p>[\/et_pb_text][et_pb_text _builder_version=&#8221;4.22.2&#8243; _module_preset=&#8221;default&#8221; text_font=&#8221;||||||||&#8221; text_font_size=&#8221;18px&#8221; text_orientation=&#8221;justified&#8221; animation_style=&#8221;fade&#8221; hover_enabled=&#8221;0&#8243; global_colors_info=&#8221;{}&#8221; theme_builder_area=&#8221;post_content&#8221; sticky_enabled=&#8221;0&#8243;]<\/p>\n<p>CNPJ: 05.863.335\/0001-57<\/p>\n<p><strong>ENDERE\u00c7O:<br \/><\/strong>Rua Coronel Joaquim Floriano, 1. Centro, S\u00e3o Manuel\/SP<\/p>\n<p><strong>GESTORA:<br \/><\/strong>Marli Aparecida Machado de Almeida<br \/>Telefone: (14) 99730-2040<br \/>acapelsaomanuel@gmail.com<\/p>\n<p>&nbsp;<\/p>\n<p>[\/et_pb_text][\/et_pb_column][\/et_pb_row][\/et_pb_section][et_pb_section fb_built=&#8221;1&#8243; inner_shadow=&#8221;on&#8221; _builder_version=&#8221;4.22.2&#8243; _module_preset=&#8221;default&#8221; background_image=&#8221;https:\/\/acapelsm.com.br\/site\/wp-content\/uploads\/2023\/10\/site_acapel_bg_slide.jpg&#8221; custom_padding=&#8221;||40px|||&#8221; global_colors_info=&#8221;{}&#8221; theme_builder_area=&#8221;post_content&#8221; global_module=&#8221;2325&#8243; saved_tabs=&#8221;all&#8221;][et_pb_row _builder_version=&#8221;4.22.2&#8243; _module_preset=&#8221;default&#8221; width=&#8221;90%&#8221; global_colors_info=&#8221;{}&#8221; theme_builder_area=&#8221;post_content&#8221;][et_pb_column type=&#8221;4_4&#8243; _builder_version=&#8221;4.22.2&#8243; _module_preset=&#8221;default&#8221; global_colors_info=&#8221;{}&#8221; theme_builder_area=&#8221;post_content&#8221;][et_pb_text _builder_version=&#8221;4.22.2&#8243; _module_preset=&#8221;default&#8221; text_font=&#8221;Montserrat|700|||||||&#8221; text_text_color=&#8221;#003f2a&#8221; text_font_size=&#8221;46px&#8221; text_line_height=&#8221;40px&#8221; text_orientation=&#8221;center&#8221; custom_margin=&#8221;5px|||||&#8221; global_colors_info=&#8221;{}&#8221; theme_builder_area=&#8221;post_content&#8221;]<\/p>\n<p>V\u00eddeos e Depoimentos<\/p>\n<p>[\/et_pb_text][\/et_pb_column][\/et_pb_row][et_pb_row _builder_version=&#8221;4.22.2&#8243; _module_preset=&#8221;default&#8221; global_colors_info=&#8221;{}&#8221; theme_builder_area=&#8221;post_content&#8221;][et_pb_column type=&#8221;4_4&#8243; _builder_version=&#8221;4.22.2&#8243; _module_preset=&#8221;default&#8221; global_colors_info=&#8221;{}&#8221; theme_builder_area=&#8221;post_content&#8221;][et_pb_video_slider _builder_version=&#8221;4.22.2&#8243; _module_preset=&#8221;default&#8221; border_width_all=&#8221;10px&#8221; border_color_all=&#8221;#FFFFFF&#8221; box_shadow_style=&#8221;preset3&#8243; global_colors_info=&#8221;{}&#8221; theme_builder_area=&#8221;post_content&#8221;][et_pb_video_slider_item src=&#8221;https:\/\/youtu.be\/r42hHjZBCsI?si=6zp6Ssde3sfnacf7&#8243; image_src=&#8221;\/\/i.ytimg.com\/vi\/r42hHjZBCsI\/hqdefault.jpg&#8221; _builder_version=&#8221;4.22.2&#8243; _module_preset=&#8221;default&#8221; global_colors_info=&#8221;{}&#8221; theme_builder_area=&#8221;post_content&#8221; show_image_overlay=&#8221;off&#8221;][\/et_pb_video_slider_item][et_pb_video_slider_item src=&#8221;https:\/\/youtu.be\/zP-5C6yDOkM?si=y2_DcjLPaDZcygea&#8221; image_src=&#8221;\/\/i.ytimg.com\/vi\/zP-5C6yDOkM\/hqdefault.jpg&#8221; _builder_version=&#8221;4.22.2&#8243; _module_preset=&#8221;default&#8221; global_colors_info=&#8221;{}&#8221; theme_builder_area=&#8221;post_content&#8221; show_image_overlay=&#8221;off&#8221;][\/et_pb_video_slider_item][et_pb_video_slider_item src=&#8221;https:\/\/youtu.be\/jPPT6ERJrog?si=zhUn4IvCM6-h04Kk&#8221; image_src=&#8221;\/\/i.ytimg.com\/vi\/jPPT6ERJrog\/hqdefault.jpg&#8221; _builder_version=&#8221;4.22.2&#8243; _module_preset=&#8221;default&#8221; global_colors_info=&#8221;{}&#8221; theme_builder_area=&#8221;post_content&#8221; show_image_overlay=&#8221;off&#8221;][\/et_pb_video_slider_item][et_pb_video_slider_item src=&#8221;https:\/\/youtu.be\/rYC0mvV9ga4?si=kvw5njsyWE0brfVr&#8221; image_src=&#8221;\/\/i.ytimg.com\/vi\/rYC0mvV9ga4\/hqdefault.jpg&#8221; _builder_version=&#8221;4.22.2&#8243; _module_preset=&#8221;default&#8221; global_colors_info=&#8221;{}&#8221; theme_builder_area=&#8221;post_content&#8221; show_image_overlay=&#8221;off&#8221;][\/et_pb_video_slider_item][et_pb_video_slider_item src=&#8221;https:\/\/youtu.be\/l8gYWQUY4Pk?si=sdU_f31OA-dAnZfb&#8221; image_src=&#8221;\/\/i.ytimg.com\/vi\/l8gYWQUY4Pk\/hqdefault.jpg&#8221; _builder_version=&#8221;4.22.2&#8243; _module_preset=&#8221;default&#8221; global_colors_info=&#8221;{}&#8221; theme_builder_area=&#8221;post_content&#8221; show_image_overlay=&#8221;off&#8221;][\/et_pb_video_slider_item][et_pb_video_slider_item src=&#8221;https:\/\/youtu.be\/S9p5g297240?si=G1WJjEaTP2NYQ5Nk&#8221; image_src=&#8221;\/\/i.ytimg.com\/vi\/S9p5g297240\/hqdefault.jpg&#8221; _builder_version=&#8221;4.22.2&#8243; _module_preset=&#8221;default&#8221; global_colors_info=&#8221;{}&#8221; theme_builder_area=&#8221;post_content&#8221; show_image_overlay=&#8221;off&#8221;][\/et_pb_video_slider_item][\/et_pb_video_slider][\/et_pb_column][\/et_pb_row][et_pb_row _builder_version=&#8221;4.22.2&#8243; _module_preset=&#8221;default&#8221; global_colors_info=&#8221;{}&#8221; theme_builder_area=&#8221;post_content&#8221;][et_pb_column type=&#8221;4_4&#8243; _builder_version=&#8221;4.22.2&#8243; _module_preset=&#8221;default&#8221; global_colors_info=&#8221;{}&#8221; theme_builder_area=&#8221;post_content&#8221;][et_pb_button button_text=&#8221;Ver mais&#8230;&#8221; button_alignment=&#8221;center&#8221; _builder_version=&#8221;4.22.2&#8243; _module_preset=&#8221;default&#8221; custom_button=&#8221;on&#8221; button_border_width=&#8221;0px&#8221; custom_margin=&#8221;29px|||||&#8221; global_colors_info=&#8221;{}&#8221; theme_builder_area=&#8221;post_content&#8221;][\/et_pb_button][\/et_pb_column][\/et_pb_row][\/et_pb_section][et_pb_section fb_built=&#8221;1&#8243; _builder_version=&#8221;4.22.2&#8243; _module_preset=&#8221;default&#8221; custom_padding=&#8221;8px||3px|||&#8221; global_colors_info=&#8221;{}&#8221; theme_builder_area=&#8221;post_content&#8221;][et_pb_row _builder_version=&#8221;4.22.2&#8243; _module_preset=&#8221;default&#8221; width=&#8221;100%&#8221; custom_padding=&#8221;9px||5px|||&#8221; global_colors_info=&#8221;{}&#8221; theme_builder_area=&#8221;post_content&#8221;][et_pb_column type=&#8221;4_4&#8243; _builder_version=&#8221;4.22.2&#8243; _module_preset=&#8221;default&#8221; global_colors_info=&#8221;{}&#8221; theme_builder_area=&#8221;post_content&#8221;][et_pb_text _builder_version=&#8221;4.22.2&#8243; _module_preset=&#8221;default&#8221; text_font=&#8221;Montserrat|700|||||||&#8221; text_text_color=&#8221;#003f2a&#8221; text_font_size=&#8221;28px&#8221; text_line_height=&#8221;40px&#8221; text_orientation=&#8221;center&#8221; custom_margin=&#8221;5px||-1px|||&#8221; global_colors_info=&#8221;{}&#8221; theme_builder_area=&#8221;post_content&#8221;]<\/p>\n<p>Apoio:<\/p>\n<p>[\/et_pb_text][dipi_carousel columns=&#8221;5&#8243; loop_wide=&#8221;on&#8221; autoplay_wide=&#8221;on&#8221; show_lightbox=&#8221;off&#8221; navigation=&#8221;on&#8221; dynamic_bullets=&#8221;off&#8221; _builder_version=&#8221;4.22.2&#8243; _module_preset=&#8221;default&#8221; custom_padding=&#8221;0px||0px|||&#8221; global_colors_info=&#8221;{}&#8221; theme_builder_area=&#8221;post_content&#8221;][dipi_carousel_child img_src=&#8221;https:\/\/acapelsm.com.br\/site\/wp-content\/uploads\/2023\/10\/03-1.jpg&#8221; _builder_version=&#8221;4.22.2&#8243; _module_preset=&#8221;default&#8221; link_option_url=&#8221;https:\/\/www.facebook.com\/mercadaodosoculossaomanuel&#8221; link_option_url_new_window=&#8221;on&#8221; global_colors_info=&#8221;{}&#8221; theme_builder_area=&#8221;post_content&#8221;][\/dipi_carousel_child][dipi_carousel_child img_src=&#8221;https:\/\/acapelsm.com.br\/site\/wp-content\/uploads\/2023\/10\/02-1.jpg&#8221; _builder_version=&#8221;4.22.2&#8243; _module_preset=&#8221;default&#8221; link_option_url=&#8221;https:\/\/construtorres.com.br&#8221; link_option_url_new_window=&#8221;on&#8221; global_colors_info=&#8221;{}&#8221; theme_builder_area=&#8221;post_content&#8221;][\/dipi_carousel_child][dipi_carousel_child img_src=&#8221;https:\/\/acapelsm.com.br\/site\/wp-content\/uploads\/2023\/10\/04-1.jpg&#8221; _builder_version=&#8221;4.22.2&#8243; _module_preset=&#8221;default&#8221; link_option_url=&#8221;https:\/\/www.facebook.com\/felixconstrutoraeprojetos&#8221; link_option_url_new_window=&#8221;on&#8221; global_colors_info=&#8221;{}&#8221; theme_builder_area=&#8221;post_content&#8221;][\/dipi_carousel_child][dipi_carousel_child img_src=&#8221;https:\/\/acapelsm.com.br\/site\/wp-content\/uploads\/2023\/10\/01-1.jpg&#8221; _builder_version=&#8221;4.22.2&#8243; _module_preset=&#8221;default&#8221; link_option_url=&#8221;https:\/\/www.prata.net.br&#8221; link_option_url_new_window=&#8221;on&#8221; global_colors_info=&#8221;{}&#8221; theme_builder_area=&#8221;post_content&#8221;][\/dipi_carousel_child][dipi_carousel_child img_src=&#8221;https:\/\/acapelsm.com.br\/site\/wp-content\/uploads\/2023\/10\/05.jpg&#8221; _builder_version=&#8221;4.22.2&#8243; _module_preset=&#8221;default&#8221; link_option_url=&#8221;https:\/\/www.dotmais.com.br&#8221; link_option_url_new_window=&#8221;on&#8221; global_colors_info=&#8221;{}&#8221; theme_builder_area=&#8221;post_content&#8221;][\/dipi_carousel_child][\/dipi_carousel][\/et_pb_column][\/et_pb_row][\/et_pb_section]<\/p>\n","protected":false},"excerpt":{"rendered":"<p>Quem somos?A Acapel \u00e9 uma associa\u00e7\u00e3o formada para proporcionar condi\u00e7\u00f5es de trabalho adequadas \u00e0 Catadores de materiais recicl\u00e1veis. Aqui os catadores s\u00e3o respons\u00e1veis pela Coleta Seletiva do munic\u00edpio, desempenhando um papel fundamental na prote\u00e7\u00e3o do meio ambiente ao inibir que esses materiais sejam descartados de forma inadequada, e proporcionar que maior tempo de vida \u00fatil [&hellip;]<\/p>\n","protected":false},"author":1,"featured_media":0,"parent":0,"menu_order":0,"comment_status":"closed","ping_status":"closed","template":"","meta":{"_et_pb_use_builder":"on","_et_pb_old_content":"","_et_gb_content_width":"","footnotes":""},"dipi_cpt_category":[],"_links":{"self":[{"href":"https:\/\/acapelsm.com.br\/site\/wp-json\/wp\/v2\/pages\/2322"}],"collection":[{"href":"https:\/\/acapelsm.com.br\/site\/wp-json\/wp\/v2\/pages"}],"about":[{"href":"https:\/\/acapelsm.com.br\/site\/wp-json\/wp\/v2\/types\/page"}],"author":[{"embeddable":true,"href":"https:\/\/acapelsm.com.br\/site\/wp-json\/wp\/v2\/users\/1"}],"replies":[{"embeddable":true,"href":"https:\/\/acapelsm.com.br\/site\/wp-json\/wp\/v2\/comments?post=2322"}],"version-history":[{"count":2,"href":"https:\/\/acapelsm.com.br\/site\/wp-json\/wp\/v2\/pages\/2322\/revisions"}],"predecessor-version":[{"id":2327,"href":"https:\/\/acapelsm.com.br\/site\/wp-json\/wp\/v2\/pages\/2322\/revisions\/2327"}],"wp:attachment":[{"href":"https:\/\/acapelsm.com.br\/site\/wp-json\/wp\/v2\/media?parent=2322"}],"wp:term":[{"taxonomy":"dipi_cpt_category","embeddable":true,"href":"https:\/\/acapelsm.com.br\/site\/wp-json\/wp\/v2\/dipi_cpt_category?post=2322"}],"curies":[{"name":"wp","href":"https:\/\/api.w.org\/{rel}","templated":true}]}}